
{"id":1847,"date":"2018-05-23T23:20:36","date_gmt":"2018-05-23T21:20:36","guid":{"rendered":"https:\/\/www.pcjv.de\/?page_id=1847"},"modified":"2018-05-23T23:20:36","modified_gmt":"2018-05-23T21:20:36","slug":"datenschutzerklarung","status":"publish","type":"page","link":"https:\/\/www.pcjv.de\/?page_id=1847","title":{"rendered":"Datenschutzerkl\u00c3\u00a4rung"},"content":{"rendered":"<h2>Datenschutzerkl\u00c3\u00a4rung<\/h2>\n<p>Diese Datenschutzerkl\u00c3\u00a4rung kl\u00c3\u00a4rt Sie \u00c3\u00bcber die Art, den Umfang und Zweck der Verarbeitung von personenbezogenen Daten (nachfolgend kurz \u00e2\u20ac\u017eDaten\u00e2\u20ac\u0153) innerhalb unseres Onlineangebotes und der mit ihm verbundenen Webseiten, Funktionen und Inhalte sowie externen Onlinepr\u00c3\u00a4senzen, wie z.B. unser Social Media Profile auf (nachfolgend gemeinsam bezeichnet als \u00e2\u20ac\u017eOnlineangebot\u00e2\u20ac\u0153). Im Hinblick auf die verwendeten Begrifflichkeiten, wie z.B. \u00e2\u20ac\u017eVerarbeitung\u00e2\u20ac\u0153 oder \u00e2\u20ac\u017eVerantwortlicher\u00e2\u20ac\u0153 verweisen wir auf die Definitionen im Art. 4 der Datenschutzgrundverordnung (DSGVO).<\/p>\n<h3 id=\"dsg-general-controller\">Verantwortlicher<\/h3>\n<p><span class=\"tsmcontroller\">Christian-Wilhelm Budde<br \/>\nEleonorenstr. 17<br \/>\n30449 Hannover Deutschland<br \/>\nEmail: Christian@pcjv.de<br \/>\nImpressum: https:\/\/www.pcjv.de\/disclaimer\/ <\/span><\/p>\n<h3 id=\"dsg-general-datatype\">Arten der verarbeiteten Daten:<\/h3>\n<p>&#8211; Bestandsdaten (z.B., Namen, Adressen).<br \/>\n&#8211; Kontaktdaten (z.B., E-Mail, Telefonnummern).<br \/>\n&#8211; Inhaltsdaten (z.B., Texteingaben, Fotografien, Videos).<br \/>\n&#8211; Nutzungsdaten (z.B., besuchte Webseiten, Interesse an Inhalten, Zugriffszeiten).<br \/>\n&#8211; Meta-\/Kommunikationsdaten (z.B., Ger\u00c3\u00a4te-Informationen, IP-Adressen).<\/p>\n<h3 id=\"dsg-general-datasubjects\">Kategorien betroffener Personen<\/h3>\n<p>Besucher und Nutzer des Onlineangebotes (Nachfolgend bezeichnen wir die betroffenen Personen zusammenfassend auch als \u00e2\u20ac\u017eNutzer\u00e2\u20ac\u0153).<\/p>\n<h3 id=\"dsg-general-purpose\">Zweck der Verarbeitung<\/h3>\n<p>&#8211; Zurverf\u00c3\u00bcgungstellung des Onlineangebotes, seiner Funktionen und Inhalte.<br \/>\n&#8211; Beantwortung von Kontaktanfragen und Kommunikation mit Nutzern.<br \/>\n&#8211; Sicherheitsma\u00c3\u0178nahmen.<br \/>\n&#8211; Reichweitenmessung\/Marketing<\/p>\n<h3 id=\"dsg-general-terms\">Verwendete Begrifflichkeiten<\/h3>\n<p>\u00e2\u20ac\u017ePersonenbezogene Daten\u00e2\u20ac\u0153 sind alle Informationen, die sich auf eine identifizierte oder identifizierbare nat\u00c3\u00bcrliche Person (im Folgenden \u00e2\u20ac\u017ebetroffene Person\u00e2\u20ac\u0153) beziehen; als identifizierbar wird eine nat\u00c3\u00bcrliche Person angesehen, die direkt oder indirekt, insbesondere mittels Zuordnung zu einer Kennung wie einem Namen, zu einer Kennnummer, zu Standortdaten, zu einer Online-Kennung (z.B. Cookie) oder zu einem oder mehreren besonderen Merkmalen identifiziert werden kann, die Ausdruck der physischen, physiologischen, genetischen, psychischen, wirtschaftlichen, kulturellen oder sozialen Identit\u00c3\u00a4t dieser nat\u00c3\u00bcrlichen Person sind.<\/p>\n<p>\u00e2\u20ac\u017eVerarbeitung\u00e2\u20ac\u0153 ist jeder mit oder ohne Hilfe automatisierter Verfahren ausgef\u00c3\u00bchrte Vorgang oder jede solche Vorgangsreihe im Zusammenhang mit personenbezogenen Daten. Der Begriff reicht weit und umfasst praktisch jeden Umgang mit Daten.<\/p>\n<p>\u00e2\u20ac\u017ePseudonymisierung\u00e2\u20ac\u0153 die Verarbeitung personenbezogener Daten in einer Weise, dass die personenbezogenen Daten ohne Hinzuziehung zus\u00c3\u00a4tzlicher Informationen nicht mehr einer spezifischen betroffenen Person zugeordnet werden k\u00c3\u00b6nnen, sofern diese zus\u00c3\u00a4tzlichen Informationen gesondert aufbewahrt werden und technischen und organisatorischen Ma\u00c3\u0178nahmen unterliegen, die gew\u00c3\u00a4hrleisten, dass die personenbezogenen Daten nicht einer identifizierten oder identifizierbaren nat\u00c3\u00bcrlichen Person zugewiesen werden.<\/p>\n<p>\u00e2\u20ac\u017eProfiling\u00e2\u20ac\u0153 jede Art der automatisierten Verarbeitung personenbezogener Daten, die darin besteht, dass diese personenbezogenen Daten verwendet werden, um bestimmte pers\u00c3\u00b6nliche Aspekte, die sich auf eine nat\u00c3\u00bcrliche Person beziehen, zu bewerten, insbesondere um Aspekte bez\u00c3\u00bcglich Arbeitsleistung, wirtschaftliche Lage, Gesundheit, pers\u00c3\u00b6nliche Vorlieben, Interessen, Zuverl\u00c3\u00a4ssigkeit, Verhalten, Aufenthaltsort oder Ortswechsel dieser nat\u00c3\u00bcrlichen Person zu analysieren oder vorherzusagen.<\/p>\n<p>Als \u00e2\u20ac\u017eVerantwortlicher\u00e2\u20ac\u0153 wird die nat\u00c3\u00bcrliche oder juristische Person, Beh\u00c3\u00b6rde, Einrichtung oder andere Stelle, die allein oder gemeinsam mit anderen \u00c3\u00bcber die Zwecke und Mittel der Verarbeitung von personenbezogenen Daten entscheidet, bezeichnet.<\/p>\n<p>\u00e2\u20ac\u017eAuftragsverarbeiter\u00e2\u20ac\u0153 eine nat\u00c3\u00bcrliche oder juristische Person, Beh\u00c3\u00b6rde, Einrichtung oder andere Stelle, die personenbezogene Daten im Auftrag des Verantwortlichen verarbeitet.<\/p>\n<h3 id=\"dsg-general-legalbasis\">Ma\u00c3\u0178gebliche Rechtsgrundlagen<\/h3>\n<p>Nach Ma\u00c3\u0178gabe des Art. 13 DSGVO teilen wir Ihnen die Rechtsgrundlagen unserer Datenverarbeitungen mit. Sofern die Rechtsgrundlage in der Datenschutzerkl\u00c3\u00a4rung nicht genannt wird, gilt Folgendes: Die Rechtsgrundlage f\u00c3\u00bcr die Einholung von Einwilligungen ist Art. 6 Abs. 1 lit. a und Art. 7 DSGVO, die Rechtsgrundlage f\u00c3\u00bcr die Verarbeitung zur Erf\u00c3\u00bcllung unserer Leistungen und Durchf\u00c3\u00bchrung vertraglicher Ma\u00c3\u0178nahmen sowie Beantwortung von Anfragen ist Art. 6 Abs. 1 lit. b DSGVO, die Rechtsgrundlage f\u00c3\u00bcr die Verarbeitung zur Erf\u00c3\u00bcllung unserer rechtlichen Verpflichtungen ist Art. 6 Abs. 1 lit. c DSGVO, und die Rechtsgrundlage f\u00c3\u00bcr die Verarbeitung zur Wahrung unserer berechtigten Interessen ist Art. 6 Abs. 1 lit. f DSGVO. F\u00c3\u00bcr den Fall, dass lebenswichtige Interessen der betroffenen Person oder einer anderen nat\u00c3\u00bcrlichen Person eine Verarbeitung personenbezogener Daten erforderlich machen, dient Art. 6 Abs. 1 lit. d DSGVO als Rechtsgrundlage.<\/p>\n<h3 id=\"dsg-general-securitymeasures\">Sicherheitsma\u00c3\u0178nahmen<\/h3>\n<p>Wir treffen nach Ma\u00c3\u0178gabe des Art. 32 DSGVO unter Ber\u00c3\u00bccksichtigung des Stands der Technik, der Implementierungskosten und der Art, des Umfangs, der Umst\u00c3\u00a4nde und der Zwecke der Verarbeitung sowie der unterschiedlichen Eintrittswahrscheinlichkeit und Schwere des Risikos f\u00c3\u00bcr die Rechte und Freiheiten nat\u00c3\u00bcrlicher Personen, geeignete technische und organisatorische Ma\u00c3\u0178nahmen, um ein dem Risiko angemessenes Schutzniveau zu gew\u00c3\u00a4hrleisten.<\/p>\n<p>Zu den Ma\u00c3\u0178nahmen geh\u00c3\u00b6ren insbesondere die Sicherung der Vertraulichkeit, Integrit\u00c3\u00a4t und Verf\u00c3\u00bcgbarkeit von Daten durch Kontrolle des physischen Zugangs zu den Daten, als auch des sie betreffenden Zugriffs, der Eingabe, Weitergabe, der Sicherung der Verf\u00c3\u00bcgbarkeit und ihrer Trennung. Des Weiteren haben wir Verfahren eingerichtet, die eine Wahrnehmung von Betroffenenrechten, L\u00c3\u00b6schung von Daten und Reaktion auf Gef\u00c3\u00a4hrdung der Daten gew\u00c3\u00a4hrleisten. Ferner ber\u00c3\u00bccksichtigen wir den Schutz personenbezogener Daten bereits bei der Entwicklung, bzw. Auswahl von Hardware, Software sowie Verfahren, entsprechend dem Prinzip des Datenschutzes durch Technikgestaltung und durch datenschutzfreundliche Voreinstellungen (Art. 25 DSGVO).<\/p>\n<h3 id=\"dsg-general-coprocessing\">Zusammenarbeit mit Auftragsverarbeitern und Dritten<\/h3>\n<p>Sofern wir im Rahmen unserer Verarbeitung Daten gegen\u00c3\u00bcber anderen Personen und Unternehmen (Auftragsverarbeitern oder Dritten) offenbaren, sie an diese \u00c3\u00bcbermitteln oder ihnen sonst Zugriff auf die Daten gew\u00c3\u00a4hren, erfolgt dies nur auf Grundlage einer gesetzlichen Erlaubnis (z.B. wenn eine \u00c3\u0153bermittlung der Daten an Dritte, wie an Zahlungsdienstleister, gem. Art. 6 Abs. 1 lit. b DSGVO zur Vertragserf\u00c3\u00bcllung erforderlich ist), Sie eingewilligt haben, eine rechtliche Verpflichtung dies vorsieht oder auf Grundlage unserer berechtigten Interessen (z.B. beim Einsatz von Beauftragten, Webhostern, etc.).<\/p>\n<p>Sofern wir Dritte mit der Verarbeitung von Daten auf Grundlage eines sog. \u00e2\u20ac\u017eAuftragsverarbeitungsvertrages\u00e2\u20ac\u0153 beauftragen, geschieht dies auf Grundlage des Art. 28 DSGVO.<\/p>\n<h3 id=\"dsg-general-thirdparty\">\u00c3\u0153bermittlungen in Drittl\u00c3\u00a4nder<\/h3>\n<p>Sofern wir Daten in einem Drittland (d.h. au\u00c3\u0178erhalb der Europ\u00c3\u00a4ischen Union (EU) oder des Europ\u00c3\u00a4ischen Wirtschaftsraums (EWR)) verarbeiten oder dies im Rahmen der Inanspruchnahme von Diensten Dritter oder Offenlegung, bzw. \u00c3\u0153bermittlung von Daten an Dritte geschieht, erfolgt dies nur, wenn es zur Erf\u00c3\u00bcllung unserer (vor)vertraglichen Pflichten, auf Grundlage Ihrer Einwilligung, aufgrund einer rechtlichen Verpflichtung oder auf Grundlage unserer berechtigten Interessen geschieht. Vorbehaltlich gesetzlicher oder vertraglicher Erlaubnisse, verarbeiten oder lassen wir die Daten in einem Drittland nur beim Vorliegen der besonderen Voraussetzungen der Art. 44 ff. DSGVO verarbeiten. D.h. die Verarbeitung erfolgt z.B. auf Grundlage besonderer Garantien, wie der offiziell anerkannten Feststellung eines der EU entsprechenden Datenschutzniveaus (z.B. f\u00c3\u00bcr die USA durch das \u00e2\u20ac\u017ePrivacy Shield\u00e2\u20ac\u0153) oder Beachtung offiziell anerkannter spezieller vertraglicher Verpflichtungen (so genannte \u00e2\u20ac\u017eStandardvertragsklauseln\u00e2\u20ac\u0153).<\/p>\n<h3 id=\"dsg-general-rightssubject\">Rechte der betroffenen Personen<\/h3>\n<p>Sie haben das Recht, eine Best\u00c3\u00a4tigung dar\u00c3\u00bcber zu verlangen, ob betreffende Daten verarbeitet werden und auf Auskunft \u00c3\u00bcber diese Daten sowie auf weitere Informationen und Kopie der Daten entsprechend Art. 15 DSGVO.<\/p>\n<p>Sie haben entsprechend. Art. 16 DSGVO das Recht, die Vervollst\u00c3\u00a4ndigung der Sie betreffenden Daten oder die Berichtigung der Sie betreffenden unrichtigen Daten zu verlangen.<\/p>\n<p>Sie haben nach Ma\u00c3\u0178gabe des Art. 17 DSGVO das Recht zu verlangen, dass betreffende Daten unverz\u00c3\u00bcglich gel\u00c3\u00b6scht werden, bzw. alternativ nach Ma\u00c3\u0178gabe des Art. 18 DSGVO eine Einschr\u00c3\u00a4nkung der Verarbeitung der Daten zu verlangen.<\/p>\n<p>Sie haben das Recht zu verlangen, dass die Sie betreffenden Daten, die Sie uns bereitgestellt haben nach Ma\u00c3\u0178gabe des Art. 20 DSGVO zu erhalten und deren \u00c3\u0153bermittlung an andere Verantwortliche zu fordern.<\/p>\n<p>Sie haben ferner gem. Art. 77 DSGVO das Recht, eine Beschwerde bei der zust\u00c3\u00a4ndigen Aufsichtsbeh\u00c3\u00b6rde einzureichen.<\/p>\n<h3 id=\"dsg-general-revokeconsent\">Widerrufsrecht<\/h3>\n<p>Sie haben das Recht, erteilte Einwilligungen gem. Art. 7 Abs. 3 DSGVO mit Wirkung f\u00c3\u00bcr die Zukunft zu widerrufen<\/p>\n<h3 id=\"dsg-general-object\">Widerspruchsrecht<\/h3>\n<p>Sie k\u00c3\u00b6nnen der k\u00c3\u00bcnftigen Verarbeitung der Sie betreffenden Daten nach Ma\u00c3\u0178gabe des Art. 21 DSGVO jederzeit widersprechen. Der Widerspruch kann insbesondere gegen die Verarbeitung f\u00c3\u00bcr Zwecke der Direktwerbung erfolgen.<\/p>\n<h3 id=\"dsg-general-cookies\">Cookies und Widerspruchsrecht bei Direktwerbung<\/h3>\n<p>Als \u00e2\u20ac\u017eCookies\u00e2\u20ac\u0153 werden kleine Dateien bezeichnet, die auf Rechnern der Nutzer gespeichert werden. Innerhalb der Cookies k\u00c3\u00b6nnen unterschiedliche Angaben gespeichert werden. Ein Cookie dient prim\u00c3\u00a4r dazu, die Angaben zu einem Nutzer (bzw. dem Ger\u00c3\u00a4t auf dem das Cookie gespeichert ist) w\u00c3\u00a4hrend oder auch nach seinem Besuch innerhalb eines Onlineangebotes zu speichern. Als tempor\u00c3\u00a4re Cookies, bzw. \u00e2\u20ac\u017eSession-Cookies\u00e2\u20ac\u0153 oder \u00e2\u20ac\u017etransiente Cookies\u00e2\u20ac\u0153, werden Cookies bezeichnet, die gel\u00c3\u00b6scht werden, nachdem ein Nutzer ein Onlineangebot verl\u00c3\u00a4sst und seinen Browser schlie\u00c3\u0178t. In einem solchen Cookie kann z.B. der Inhalt eines Warenkorbs in einem Onlineshop oder ein Login-Status gespeichert werden. Als \u00e2\u20ac\u017epermanent\u00e2\u20ac\u0153 oder \u00e2\u20ac\u017epersistent\u00e2\u20ac\u0153 werden Cookies bezeichnet, die auch nach dem Schlie\u00c3\u0178en des Browsers gespeichert bleiben. So kann z.B. der Login-Status gespeichert werden, wenn die Nutzer diese nach mehreren Tagen aufsuchen. Ebenso k\u00c3\u00b6nnen in einem solchen Cookie die Interessen der Nutzer gespeichert werden, die f\u00c3\u00bcr Reichweitenmessung oder Marketingzwecke verwendet werden. Als \u00e2\u20ac\u017eThird-Party-Cookie\u00e2\u20ac\u0153 werden Cookies bezeichnet, die von anderen Anbietern als dem Verantwortlichen, der das Onlineangebot betreibt, angeboten werden (andernfalls, wenn es nur dessen Cookies sind spricht man von \u00e2\u20ac\u017eFirst-Party Cookies\u00e2\u20ac\u0153).<\/p>\n<p>Wir k\u00c3\u00b6nnen tempor\u00c3\u00a4re und permanente Cookies einsetzen und kl\u00c3\u00a4ren hier\u00c3\u00bcber im Rahmen unserer Datenschutzerkl\u00c3\u00a4rung auf.<\/p>\n<p>Falls die Nutzer nicht m\u00c3\u00b6chten, dass Cookies auf ihrem Rechner gespeichert werden, werden sie gebeten die entsprechende Option in den Systemeinstellungen ihres Browsers zu deaktivieren. Gespeicherte Cookies k\u00c3\u00b6nnen in den Systemeinstellungen des Browsers gel\u00c3\u00b6scht werden. Der Ausschluss von Cookies kann zu Funktionseinschr\u00c3\u00a4nkungen dieses Onlineangebotes f\u00c3\u00bchren.<\/p>\n<p>Ein genereller Widerspruch gegen den Einsatz der zu Zwecken des Onlinemarketing eingesetzten Cookies kann bei einer Vielzahl der Dienste, vor allem im Fall des Trackings, \u00c3\u00bcber die US-amerikanische Seite <a href=\"http:\/\/www.aboutads.info\/choices\/\">http:\/\/www.aboutads.info\/choices\/<\/a> oder die EU-Seite <a href=\"http:\/\/www.youronlinechoices.com\/\">http:\/\/www.youronlinechoices.com\/<\/a> erkl\u00c3\u00a4rt werden. Des Weiteren kann die Speicherung von Cookies mittels deren Abschaltung in den Einstellungen des Browsers erreicht werden. Bitte beachten Sie, dass dann gegebenenfalls nicht alle Funktionen dieses Onlineangebotes genutzt werden k\u00c3\u00b6nnen.<\/p>\n<h3 id=\"dsg-general-erasure\">L\u00c3\u00b6schung von Daten<\/h3>\n<p>Die von uns verarbeiteten Daten werden nach Ma\u00c3\u0178gabe der Art. 17 und 18 DSGVO gel\u00c3\u00b6scht oder in ihrer Verarbeitung eingeschr\u00c3\u00a4nkt. Sofern nicht im Rahmen dieser Datenschutzerkl\u00c3\u00a4rung ausdr\u00c3\u00bccklich angegeben, werden die bei uns gespeicherten Daten gel\u00c3\u00b6scht, sobald sie f\u00c3\u00bcr ihre Zweckbestimmung nicht mehr erforderlich sind und der L\u00c3\u00b6schung keine gesetzlichen Aufbewahrungspflichten entgegenstehen. Sofern die Daten nicht gel\u00c3\u00b6scht werden, weil sie f\u00c3\u00bcr andere und gesetzlich zul\u00c3\u00a4ssige Zwecke erforderlich sind, wird deren Verarbeitung eingeschr\u00c3\u00a4nkt. D.h. die Daten werden gesperrt und nicht f\u00c3\u00bcr andere Zwecke verarbeitet. Das gilt z.B. f\u00c3\u00bcr Daten, die aus handels- oder steuerrechtlichen Gr\u00c3\u00bcnden aufbewahrt werden m\u00c3\u00bcssen.<\/p>\n<p>Nach gesetzlichen Vorgaben in Deutschland, erfolgt die Aufbewahrung insbesondere f\u00c3\u00bcr 10 Jahre gem\u00c3\u00a4\u00c3\u0178 \u00c2\u00a7\u00c2\u00a7 147 Abs. 1 AO, 257 Abs. 1 Nr. 1 und 4, Abs. 4 HGB (B\u00c3\u00bccher, Aufzeichnungen, Lageberichte, Buchungsbelege, Handelsb\u00c3\u00bccher, f\u00c3\u00bcr Besteuerung relevanter Unterlagen, etc.) und 6 Jahre gem\u00c3\u00a4\u00c3\u0178 \u00c2\u00a7 257 Abs. 1 Nr. 2 und 3, Abs. 4 HGB (Handelsbriefe).<\/p>\n<p>Nach gesetzlichen Vorgaben in \u00c3\u2013sterreich erfolgt die Aufbewahrung insbesondere f\u00c3\u00bcr 7 J gem\u00c3\u00a4\u00c3\u0178 \u00c2\u00a7 132 Abs. 1 BAO (Buchhaltungsunterlagen, Belege\/Rechnungen, Konten, Belege, Gesch\u00c3\u00a4ftspapiere, Aufstellung der Einnahmen und Ausgaben, etc.), f\u00c3\u00bcr 22 Jahre im Zusammenhang mit Grundst\u00c3\u00bccken und f\u00c3\u00bcr 10 Jahre bei Unterlagen im Zusammenhang mit elektronisch erbrachten Leistungen, Telekommunikations-, Rundfunk- und Fernsehleistungen, die an Nichtunternehmer in EU-Mitgliedstaaten erbracht werden und f\u00c3\u00bcr die der Mini-One-Stop-Shop (MOSS) in Anspruch genommen wird.<\/p>\n<h3 id=\"dsg-hostingprovider\">Hosting und E-Mail-Versand<\/h3>\n<p><span class=\"ts-muster-content\">Die von uns in Anspruch genommenen Hosting-Leistungen dienen der Zurverf\u00c3\u00bcgungstellung der folgenden Leistungen: Infrastruktur- und Plattformdienstleistungen, Rechenkapazit\u00c3\u00a4t, Speicherplatz und Datenbankdienste, E-Mail-Versand, Sicherheitsleistungen sowie technische Wartungsleistungen, die wir zum Zwecke des Betriebs dieses Onlineangebotes einsetzen.<\/p>\n<p>Hierbei verarbeiten wir, bzw. unser Hostinganbieter Bestandsdaten, Kontaktdaten, Inhaltsdaten, Vertragsdaten, Nutzungsdaten, Meta- und Kommunikationsdaten von Kunden, Interessenten und Besuchern dieses Onlineangebotes auf Grundlage unserer berechtigten Interessen an einer effizienten und sicheren Zurverf\u00c3\u00bcgungstellung dieses Onlineangebotes gem. Art. 6 Abs. 1 lit. f DSGVO i.V.m. Art. 28 DSGVO (Abschluss Auftragsverarbeitungsvertrag).<\/span><\/p>\n<h3 id=\"dsg-thirdparty-youtube\">Youtube<\/h3>\n<p><span class=\"ts-muster-content\">Wir binden die Videos der Plattform \u00e2\u20ac\u0153YouTube\u00e2\u20ac\u009d des Anbieters Google LLC, 1600 Amphitheatre Parkway, Mountain View, CA 94043, USA, ein. Datenschutzerkl\u00c3\u00a4rung: <a href=\"https:\/\/www.google.com\/policies\/privacy\/\" target=\"_blank\" rel=\"noopener\">https:\/\/www.google.com\/policies\/privacy\/<\/a>, Opt-Out: <a href=\"https:\/\/adssettings.google.com\/authenticated\" target=\"_blank\" rel=\"noopener\">https:\/\/adssettings.google.com\/authenticated<\/a>.<\/span><\/p>\n<p><a class=\"dsg1-5\" href=\"https:\/\/datenschutz-generator.de\" target=\"_blank\" rel=\"nofollow noopener\">Erstellt mit Datenschutz-Generator.de von RA Dr. Thomas Schwenke<\/a><\/p>\n","protected":false},"excerpt":{"rendered":"<p>Datenschutzerkl\u00c3\u00a4rung Diese Datenschutzerkl\u00c3\u00a4rung kl\u00c3\u00a4rt Sie \u00c3\u00bcber die Art, den Umfang und Zweck der Verarbeitung von personenbezogenen Daten (nachfolgend kurz \u00e2\u20ac\u017eDaten\u00e2\u20ac\u0153) innerhalb unseres Onlineangebotes und der mit ihm verbundenen Webseiten, Funktionen und Inhalte sowie externen Onlinepr\u00c3\u00a4senzen, wie z.B. unser Social Media Profile auf (nachfolgend gemeinsam bezeichnet als \u00e2\u20ac\u017eOnlineangebot\u00e2\u20ac\u0153). Im Hinblick auf die verwendeten Begrifflichkeiten, wie z.B. [&hellip;]<\/p>\n","protected":false},"author":3,"featured_media":0,"parent":430,"menu_order":0,"comment_status":"closed","ping_status":"closed","template":"","meta":{"footnotes":""},"class_list":["post-1847","page","type-page","status-publish","hentry"],"yoast_head":"<!-- This site is optimized with the Yoast SEO plugin v27.0 - https:\/\/yoast.com\/product\/yoast-seo-wordpress\/ -->\n<title>Datenschutzerkl\u00c3\u00a4rung - Christian&#039;s private site<\/title>\n<meta name=\"robots\" content=\"index, follow, max-snippet:-1, max-image-preview:large, max-video-preview:-1\" \/>\n<link rel=\"canonical\" href=\"https:\/\/www.pcjv.de\/?page_id=1847\" \/>\n<meta name=\"twitter:label1\" content=\"Est. reading time\" \/>\n\t<meta name=\"twitter:data1\" content=\"10 minutes\" \/>\n<script type=\"application\/ld+json\" class=\"yoast-schema-graph\">{\"@context\":\"https:\/\/schema.org\",\"@graph\":[{\"@type\":\"WebPage\",\"@id\":\"https:\/\/www.pcjv.de\/?page_id=1847\",\"url\":\"https:\/\/www.pcjv.de\/?page_id=1847\",\"name\":\"Datenschutzerkl\u00c3\u00a4rung - Christian&#039;s private site\",\"isPartOf\":{\"@id\":\"https:\/\/www.pcjv.de\/#website\"},\"datePublished\":\"2018-05-23T21:20:36+00:00\",\"breadcrumb\":{\"@id\":\"https:\/\/www.pcjv.de\/?page_id=1847#breadcrumb\"},\"inLanguage\":\"en-US\",\"potentialAction\":[{\"@type\":\"ReadAction\",\"target\":[\"https:\/\/www.pcjv.de\/?page_id=1847\"]}]},{\"@type\":\"BreadcrumbList\",\"@id\":\"https:\/\/www.pcjv.de\/?page_id=1847#breadcrumb\",\"itemListElement\":[{\"@type\":\"ListItem\",\"position\":1,\"name\":\"Home\",\"item\":\"https:\/\/www.pcjv.de\/\"},{\"@type\":\"ListItem\",\"position\":2,\"name\":\"Disclaimer (Impressum)\",\"item\":\"https:\/\/www.pcjv.de\/?page_id=430\"},{\"@type\":\"ListItem\",\"position\":3,\"name\":\"Datenschutzerkl\u00c3\u00a4rung\"}]},{\"@type\":\"WebSite\",\"@id\":\"https:\/\/www.pcjv.de\/#website\",\"url\":\"https:\/\/www.pcjv.de\/\",\"name\":\"Christian&#039;s private site\",\"description\":\"Private site of Christian-W. Budde\",\"potentialAction\":[{\"@type\":\"SearchAction\",\"target\":{\"@type\":\"EntryPoint\",\"urlTemplate\":\"https:\/\/www.pcjv.de\/?s={search_term_string}\"},\"query-input\":{\"@type\":\"PropertyValueSpecification\",\"valueRequired\":true,\"valueName\":\"search_term_string\"}}],\"inLanguage\":\"en-US\"}]}<\/script>\n<!-- \/ Yoast SEO plugin. -->","yoast_head_json":{"title":"Datenschutzerkl\u00c3\u00a4rung - Christian&#039;s private site","robots":{"index":"index","follow":"follow","max-snippet":"max-snippet:-1","max-image-preview":"max-image-preview:large","max-video-preview":"max-video-preview:-1"},"canonical":"https:\/\/www.pcjv.de\/?page_id=1847","twitter_misc":{"Est. reading time":"10 minutes"},"schema":{"@context":"https:\/\/schema.org","@graph":[{"@type":"WebPage","@id":"https:\/\/www.pcjv.de\/?page_id=1847","url":"https:\/\/www.pcjv.de\/?page_id=1847","name":"Datenschutzerkl\u00c3\u00a4rung - Christian&#039;s private site","isPartOf":{"@id":"https:\/\/www.pcjv.de\/#website"},"datePublished":"2018-05-23T21:20:36+00:00","breadcrumb":{"@id":"https:\/\/www.pcjv.de\/?page_id=1847#breadcrumb"},"inLanguage":"en-US","potentialAction":[{"@type":"ReadAction","target":["https:\/\/www.pcjv.de\/?page_id=1847"]}]},{"@type":"BreadcrumbList","@id":"https:\/\/www.pcjv.de\/?page_id=1847#breadcrumb","itemListElement":[{"@type":"ListItem","position":1,"name":"Home","item":"https:\/\/www.pcjv.de\/"},{"@type":"ListItem","position":2,"name":"Disclaimer (Impressum)","item":"https:\/\/www.pcjv.de\/?page_id=430"},{"@type":"ListItem","position":3,"name":"Datenschutzerkl\u00c3\u00a4rung"}]},{"@type":"WebSite","@id":"https:\/\/www.pcjv.de\/#website","url":"https:\/\/www.pcjv.de\/","name":"Christian&#039;s private site","description":"Private site of Christian-W. Budde","potentialAction":[{"@type":"SearchAction","target":{"@type":"EntryPoint","urlTemplate":"https:\/\/www.pcjv.de\/?s={search_term_string}"},"query-input":{"@type":"PropertyValueSpecification","valueRequired":true,"valueName":"search_term_string"}}],"inLanguage":"en-US"}]}},"_links":{"self":[{"href":"https:\/\/www.pcjv.de\/index.php?rest_route=\/wp\/v2\/pages\/1847","targetHints":{"allow":["GET"]}}],"collection":[{"href":"https:\/\/www.pcjv.de\/index.php?rest_route=\/wp\/v2\/pages"}],"about":[{"href":"https:\/\/www.pcjv.de\/index.php?rest_route=\/wp\/v2\/types\/page"}],"author":[{"embeddable":true,"href":"https:\/\/www.pcjv.de\/index.php?rest_route=\/wp\/v2\/users\/3"}],"replies":[{"embeddable":true,"href":"https:\/\/www.pcjv.de\/index.php?rest_route=%2Fwp%2Fv2%2Fcomments&post=1847"}],"version-history":[{"count":1,"href":"https:\/\/www.pcjv.de\/index.php?rest_route=\/wp\/v2\/pages\/1847\/revisions"}],"predecessor-version":[{"id":1849,"href":"https:\/\/www.pcjv.de\/index.php?rest_route=\/wp\/v2\/pages\/1847\/revisions\/1849"}],"up":[{"embeddable":true,"href":"https:\/\/www.pcjv.de\/index.php?rest_route=\/wp\/v2\/pages\/430"}],"wp:attachment":[{"href":"https:\/\/www.pcjv.de\/index.php?rest_route=%2Fwp%2Fv2%2Fmedia&parent=1847"}],"curies":[{"name":"wp","href":"https:\/\/api.w.org\/{rel}","templated":true}]}}