
{"id":1827,"date":"2018-04-28T16:47:13","date_gmt":"2018-04-28T14:47:13","guid":{"rendered":"https:\/\/www.pcjv.de\/?page_id=1827"},"modified":"2018-04-28T16:47:53","modified_gmt":"2018-04-28T14:47:53","slug":"datenschutzrichtlinie","status":"publish","type":"page","link":"https:\/\/www.pcjv.de\/?page_id=1827","title":{"rendered":"Datenschutzrichtlinie"},"content":{"rendered":"<div id=\"postbody\">\n<div id=\"post-1777\" class=\"post\">\n<div class=\"storycontent\">\n<p>Diese Datenschutz-Richtlinie erl\u00c3\u00a4utert die Datenschutzpraxis von Christian-W. Budde, Eleonorenstr. 17, 30449 Hannover (nachfolgend auch \u00e2\u20ac\u0153Ich\u00e2\u20ac\u009d oder \u00e2\u20ac\u0153mich\u00e2\u20ac\u009d genannt). Ich nehme den Schutz personenbezogener Daten sehr ernst.<\/p>\n<p>Das Einhalten der gesetzlichen Bestimmungen zum Datenschutz ist f\u00c3\u00bcr mich selbstverst\u00c3\u00a4ndlich. Dar\u00c3\u00bcber hinaus f\u00c3\u00bchlen ich mich verpflichtet, Ihre Privatsph\u00c3\u00a4re bestm\u00c3\u00b6glich zu sch\u00c3\u00bctzen und zu respektieren. Ich informieren Sie daher im Folgenden dar\u00c3\u00bcber, auf welche Art und Weise und in welchem Umfang ich personenbezogene Daten meiner User nutze und verarbeite. Bitte lesen Sie den Text aufmerksam durch, um meinen Standpunkt und meine Handhabung bez\u00c3\u00bcglich Ihrer personenbezogenen Daten und den Umgang damit zu verstehen.<\/p>\n<h4>Besonderer Hinweis f\u00c3\u00bcr die Eltern<\/h4>\n<p>Ich lege allen Eltern und Aufsichtspersonen nahe, ihre Kinder in den sicheren und verantwortungsbewussten Umgang mit personenbezogenen Daten im Internet einzuweisen. Ich versichere, nicht wissentlich personenbezogene Daten von Kindern zu sammeln, in irgendeiner Weise zu verwenden oder Dritten gegen\u00c3\u00bcber unberechtigt offenzulegen.<\/p>\n<h4>Wie ich Daten erhebe und nutze<\/h4>\n<p>Daten werden ausschlie\u00c3\u0178lich f\u00c3\u00bcr die Benutzung innerhalb der Apps erhoben. Es werden nur Daten erhoben die von Endger\u00c3\u00a4ten bereitgestellt werden. Auch Daten zum Nutzungsverhalten werden erhoben und auf dem Ger\u00c3\u00a4t gespeichert (z.B. der zuletzt eingestellte Schwierigkeitsgrad oder einer Highscore). Diese Daten sind f\u00c3\u00bcr ein besseres Erlebnis der App wichtig.<\/p>\n<h4>Weitergabe Ihrer Daten<\/h4>\n<p>Daten werden nicht wissentlich \u00c3\u00bcber das Internet weitergegeben. Eine Verbindung der Apps zum Internet wird in keiner Weise zur Weitergabe von Daten benutzt.<\/p>\n<h4>\u00c3\u201enderungen der Datenschutzerkl\u00c3\u00a4rung<\/h4>\n<p>Ich behalte mir das Recht vor, diese Datenschutzerkl\u00c3\u00a4rung jederzeit unter Beachtung der geltenden Datenschutzbestimmungen zu \u00c3\u00a4ndern. Zuletzt wurde diese Datenschutzerkl\u00c3\u00a4rung am 23.03.2015 ge\u00c3\u00a4ndert.<\/p>\n<\/div>\n<\/div>\n<\/div>\n","protected":false},"excerpt":{"rendered":"<p>Diese Datenschutz-Richtlinie erl\u00c3\u00a4utert die Datenschutzpraxis von Christian-W. Budde, Eleonorenstr. 17, 30449 Hannover (nachfolgend auch \u00e2\u20ac\u0153Ich\u00e2\u20ac\u009d oder \u00e2\u20ac\u0153mich\u00e2\u20ac\u009d genannt). Ich nehme den Schutz personenbezogener Daten sehr ernst. Das Einhalten der gesetzlichen Bestimmungen zum Datenschutz ist f\u00c3\u00bcr mich selbstverst\u00c3\u00a4ndlich. Dar\u00c3\u00bcber hinaus f\u00c3\u00bchlen ich mich verpflichtet, Ihre Privatsph\u00c3\u00a4re bestm\u00c3\u00b6glich zu sch\u00c3\u00bctzen und zu respektieren. Ich informieren Sie daher [&hellip;]<\/p>\n","protected":false},"author":3,"featured_media":0,"parent":430,"menu_order":0,"comment_status":"closed","ping_status":"closed","template":"","meta":{"footnotes":""},"class_list":["post-1827","page","type-page","status-publish","hentry"],"yoast_head":"<!-- This site is optimized with the Yoast SEO plugin v27.0 - https:\/\/yoast.com\/product\/yoast-seo-wordpress\/ -->\n<title>Datenschutzrichtlinie - Christian&#039;s private site<\/title>\n<meta name=\"robots\" content=\"index, follow, max-snippet:-1, max-image-preview:large, max-video-preview:-1\" \/>\n<link rel=\"canonical\" href=\"https:\/\/www.pcjv.de\/?page_id=1827\" \/>\n<meta name=\"twitter:label1\" content=\"Est. reading time\" \/>\n\t<meta name=\"twitter:data1\" content=\"1 minute\" \/>\n<script type=\"application\/ld+json\" class=\"yoast-schema-graph\">{\"@context\":\"https:\/\/schema.org\",\"@graph\":[{\"@type\":\"WebPage\",\"@id\":\"https:\/\/www.pcjv.de\/?page_id=1827\",\"url\":\"https:\/\/www.pcjv.de\/?page_id=1827\",\"name\":\"Datenschutzrichtlinie - Christian&#039;s private site\",\"isPartOf\":{\"@id\":\"https:\/\/www.pcjv.de\/#website\"},\"datePublished\":\"2018-04-28T14:47:13+00:00\",\"dateModified\":\"2018-04-28T14:47:53+00:00\",\"breadcrumb\":{\"@id\":\"https:\/\/www.pcjv.de\/?page_id=1827#breadcrumb\"},\"inLanguage\":\"en-US\",\"potentialAction\":[{\"@type\":\"ReadAction\",\"target\":[\"https:\/\/www.pcjv.de\/?page_id=1827\"]}]},{\"@type\":\"BreadcrumbList\",\"@id\":\"https:\/\/www.pcjv.de\/?page_id=1827#breadcrumb\",\"itemListElement\":[{\"@type\":\"ListItem\",\"position\":1,\"name\":\"Home\",\"item\":\"https:\/\/www.pcjv.de\/\"},{\"@type\":\"ListItem\",\"position\":2,\"name\":\"Disclaimer (Impressum)\",\"item\":\"https:\/\/www.pcjv.de\/?page_id=430\"},{\"@type\":\"ListItem\",\"position\":3,\"name\":\"Datenschutzrichtlinie\"}]},{\"@type\":\"WebSite\",\"@id\":\"https:\/\/www.pcjv.de\/#website\",\"url\":\"https:\/\/www.pcjv.de\/\",\"name\":\"Christian&#039;s private site\",\"description\":\"Private site of Christian-W. Budde\",\"potentialAction\":[{\"@type\":\"SearchAction\",\"target\":{\"@type\":\"EntryPoint\",\"urlTemplate\":\"https:\/\/www.pcjv.de\/?s={search_term_string}\"},\"query-input\":{\"@type\":\"PropertyValueSpecification\",\"valueRequired\":true,\"valueName\":\"search_term_string\"}}],\"inLanguage\":\"en-US\"}]}<\/script>\n<!-- \/ Yoast SEO plugin. -->","yoast_head_json":{"title":"Datenschutzrichtlinie - Christian&#039;s private site","robots":{"index":"index","follow":"follow","max-snippet":"max-snippet:-1","max-image-preview":"max-image-preview:large","max-video-preview":"max-video-preview:-1"},"canonical":"https:\/\/www.pcjv.de\/?page_id=1827","twitter_misc":{"Est. reading time":"1 minute"},"schema":{"@context":"https:\/\/schema.org","@graph":[{"@type":"WebPage","@id":"https:\/\/www.pcjv.de\/?page_id=1827","url":"https:\/\/www.pcjv.de\/?page_id=1827","name":"Datenschutzrichtlinie - Christian&#039;s private site","isPartOf":{"@id":"https:\/\/www.pcjv.de\/#website"},"datePublished":"2018-04-28T14:47:13+00:00","dateModified":"2018-04-28T14:47:53+00:00","breadcrumb":{"@id":"https:\/\/www.pcjv.de\/?page_id=1827#breadcrumb"},"inLanguage":"en-US","potentialAction":[{"@type":"ReadAction","target":["https:\/\/www.pcjv.de\/?page_id=1827"]}]},{"@type":"BreadcrumbList","@id":"https:\/\/www.pcjv.de\/?page_id=1827#breadcrumb","itemListElement":[{"@type":"ListItem","position":1,"name":"Home","item":"https:\/\/www.pcjv.de\/"},{"@type":"ListItem","position":2,"name":"Disclaimer (Impressum)","item":"https:\/\/www.pcjv.de\/?page_id=430"},{"@type":"ListItem","position":3,"name":"Datenschutzrichtlinie"}]},{"@type":"WebSite","@id":"https:\/\/www.pcjv.de\/#website","url":"https:\/\/www.pcjv.de\/","name":"Christian&#039;s private site","description":"Private site of Christian-W. Budde","potentialAction":[{"@type":"SearchAction","target":{"@type":"EntryPoint","urlTemplate":"https:\/\/www.pcjv.de\/?s={search_term_string}"},"query-input":{"@type":"PropertyValueSpecification","valueRequired":true,"valueName":"search_term_string"}}],"inLanguage":"en-US"}]}},"_links":{"self":[{"href":"https:\/\/www.pcjv.de\/index.php?rest_route=\/wp\/v2\/pages\/1827","targetHints":{"allow":["GET"]}}],"collection":[{"href":"https:\/\/www.pcjv.de\/index.php?rest_route=\/wp\/v2\/pages"}],"about":[{"href":"https:\/\/www.pcjv.de\/index.php?rest_route=\/wp\/v2\/types\/page"}],"author":[{"embeddable":true,"href":"https:\/\/www.pcjv.de\/index.php?rest_route=\/wp\/v2\/users\/3"}],"replies":[{"embeddable":true,"href":"https:\/\/www.pcjv.de\/index.php?rest_route=%2Fwp%2Fv2%2Fcomments&post=1827"}],"version-history":[{"count":1,"href":"https:\/\/www.pcjv.de\/index.php?rest_route=\/wp\/v2\/pages\/1827\/revisions"}],"predecessor-version":[{"id":1828,"href":"https:\/\/www.pcjv.de\/index.php?rest_route=\/wp\/v2\/pages\/1827\/revisions\/1828"}],"up":[{"embeddable":true,"href":"https:\/\/www.pcjv.de\/index.php?rest_route=\/wp\/v2\/pages\/430"}],"wp:attachment":[{"href":"https:\/\/www.pcjv.de\/index.php?rest_route=%2Fwp%2Fv2%2Fmedia&parent=1827"}],"curies":[{"name":"wp","href":"https:\/\/api.w.org\/{rel}","templated":true}]}}